{"id":1307,"date":"2023-01-05T21:14:25","date_gmt":"2023-01-05T20:14:25","guid":{"rendered":"https:\/\/snasini-kucari.com\/?page_id=1307"},"modified":"2023-01-05T21:36:29","modified_gmt":"2023-01-05T20:36:29","slug":"pravila-privatnosti","status":"publish","type":"page","link":"https:\/\/snasini-kucari.com\/index.php\/pravila-privatnosti\/","title":{"rendered":"Pravila privatnosti"},"content":{"rendered":"\t\t<div data-elementor-type=\"wp-page\" data-elementor-id=\"1307\" class=\"elementor elementor-1307\">\n\t\t\t\t\t\t<section class=\"elementor-section elementor-top-section elementor-element elementor-element-f573b89 elementor-section-boxed elementor-section-height-default elementor-section-height-default\" data-id=\"f573b89\" data-element_type=\"section\" data-e-type=\"section\">\n\t\t\t\t\t\t<div class=\"elementor-container elementor-column-gap-default\">\n\t\t\t\t\t<div class=\"elementor-column elementor-col-100 elementor-top-column elementor-element elementor-element-77f8af5\" data-id=\"77f8af5\" data-element_type=\"column\" data-e-type=\"column\">\n\t\t\t<div class=\"elementor-widget-wrap elementor-element-populated\">\n\t\t\t\t\t\t\t<\/div>\n\t\t<\/div>\n\t\t\t\t\t<\/div>\n\t\t<\/section>\n\t\t\t\t<section class=\"elementor-section elementor-top-section elementor-element elementor-element-8b27771 elementor-section-boxed elementor-section-height-default elementor-section-height-default\" data-id=\"8b27771\" data-element_type=\"section\" data-e-type=\"section\" data-settings=\"{&quot;background_background&quot;:&quot;classic&quot;}\">\n\t\t\t\t\t\t\t<div class=\"elementor-background-overlay\"><\/div>\n\t\t\t\t\t\t\t<div class=\"elementor-container elementor-column-gap-default\">\n\t\t\t\t\t<div class=\"elementor-column elementor-col-100 elementor-top-column elementor-element elementor-element-44ca037\" data-id=\"44ca037\" data-element_type=\"column\" data-e-type=\"column\">\n\t\t\t<div class=\"elementor-widget-wrap elementor-element-populated\">\n\t\t\t\t\t\t<div class=\"elementor-element elementor-element-f0ee24f elementor-widget elementor-widget-text-editor\" data-id=\"f0ee24f\" data-element_type=\"widget\" data-e-type=\"widget\" data-widget_type=\"text-editor.default\">\n\t\t\t\t<div class=\"elementor-widget-container\">\n\t\t\t\t\t\t\t\t\t<p><strong>POLITIKA PRIVATNOSTI<\/strong><\/p><p>Pravila o kola\u010di\u0107ima obja\u0161njavaju \u0161to su kola\u010di\u0107i i kako ih koristimo, vrste kola\u010di\u0107a koje koristimo, tj. informacije koje prikupljamo pomo\u0107u kola\u010di\u0107a i kako se te informacije koriste te kako kontrolirati postavke kola\u010di\u0107a. Za dodatne informacije o tome kako koristimo, pohranjujemo i \u010duvamo va\u0161e osobne podatke sigurnima, pogledajte na\u0161u Politiku privatnosti.<\/p><p>U svakom trenutku mo\u017eete promijeniti ili povu\u0107i svoj pristanak na Izjavu o kola\u010di\u0107ima na na\u0161oj web-stranici.<br \/>Saznajte vi\u0161e o tome tko smo, kako nas mo\u017eete kontaktirati i kako obra\u0111ujemo osobne podatke u na\u0161im Pravilima privatnosti.<br \/>Va\u0161 pristanak odnosi se na sljede\u0107e domene: <a href=\"https:\/\/snasini-kucari.com\/\">snasini-kucari.com<\/a><u><\/u><\/p><p><strong>\u0160TO SU KOLA\u010cI\u0106I?<\/strong><\/p><p>Kola\u010di\u0107i su male tekstualne datoteke koje se koriste za pohranjivanje malih dijelova informacija. Pohranjuju se na va\u0161em ure\u0111aju kada se web-stranica u\u010dita u va\u0161 preglednik. Ovi kola\u010di\u0107i nam poma\u017eu da web-sjedi\u0161te ispravno funkcionira, u\u010dinimo ga sigurnijim, pru\u017eimo bolje korisni\u010dko iskustvo i razumijemo kako web-sjedi\u0161te funkcionira te analiziramo \u0161to radi i gdje treba pobolj\u0161ati.<\/p><p>\u00a0<\/p><p><strong>KAKO KORISTIMO KOLA\u010cI\u0106E?<\/strong><\/p><p>Kao i ve\u0107ina internetskih usluga, na\u0161a web-stranica koristi kola\u010di\u0107e u nekoliko svrha. Kola\u010di\u0107i prve strane uglavnom su nu\u017eni za ispravno funkcioniranje web-stranice i ne prikupljaju va\u0161e osobne podatke.<\/p><p>Kola\u010di\u0107i koji se koriste na na\u0161em web-mjestu uglavnom slu\u017ee za razumijevanje na\u010dina na koji web-mjesto radi, kako komunicirate s na\u0161im web-mjestom, za o\u010duvanje sigurnosti na\u0161ih usluga i sve u svemu za pru\u017eanje boljeg i pobolj\u0161anog korisnika iskustva i ubrzati va\u0161e budu\u0107e interakcije s na\u0161im web-mjestom.<\/p><p><strong>VRSTE KOLA\u010cI\u0106A?<\/strong><\/p><p>Neophodno: Neki kola\u010di\u0107i su neophodni da biste mogli iskusiti punu funkcionalnost na\u0161e web-stranice. Omogu\u0107uju nam odr\u017eavanje korisni\u010dkih sesija i sprje\u010davanje bilo kakvih sigurnosnih prijetnji. Oni ne prikupljaju niti pohranjuju nikakve osobne podatke. Na primjer, ovi kola\u010di\u0107i omogu\u0107uju vam da se prijavite na svoj ra\u010dun i dodate proizvode u svoju ko\u0161aricu, te sigurnu naplatu.\u00a0<\/p><p>Statistika: Ovi kola\u010di\u0107i pohranjuju informacije poput broja posjetitelja web-stranice, broja jedinstvenih posjetitelja, koje su stranice web-stranice posje\u0107ene, izvor posjeta itd. Ovi nam podaci poma\u017eu razumjeti i analizirati koliko dobro web-stranica funkcionira i gdje treba pobolj\u0161ati.<\/p><p>Marketing: <strong>Na\u0161a web stranica ne prikazuje reklame.<\/strong> Ovi se kola\u010di\u0107i ina\u010de koriste za personalizaciju reklama koje vam se prikazuju kako bi vam bile zna\u010dajne. Ovi kola\u010di\u0107i tako\u0111er poma\u017eu pratiti u\u010dinkovitost ovih oglasnih kampanja.<br \/>Informacije pohranjene u takvim kola\u010di\u0107ima tako\u0111er mogu koristiti davatelji oglasa tre\u0107ih strana kako bi vam se prikazali oglasi i na drugim web-stranicama u pregledniku.<\/p><p>Funkcionalni: Ovo su kola\u010di\u0107i koji poma\u017eu odre\u0111enim nebitnim funkcijama na na\u0161oj web-stranici. Ove funkcije uklju\u010duju ugra\u0111ivanje sadr\u017eaja poput videozapisa ili dijeljenje sadr\u017eaja web-stranice na platformama dru\u0161tvenih medija.<\/p><p>Postavke: Ovi nam kola\u010di\u0107i poma\u017eu da pohranimo va\u0161e postavke i postavke pregledavanja kao \u0161to su jezi\u010dne postavke kako biste imali bolje i u\u010dinkovitije iskustvo pri budu\u0107im posjetima web-stranici.<\/p><p><strong>KAKO MOGU KONTROLIRATI POSTAVKE KOLA\u010cI\u0106A?<\/strong><\/p><p>Ako odlu\u010dite promijeniti svoje postavke kasnije tijekom sesije pregledavanja, mo\u017eete kliknuti na karticu &#8220;Politika privatnosti i kola\u010di\u0107a&#8221; na va\u0161em zaslonu. Ovo \u0107e ponovno prikazati obavijest o pristanku koja vam omogu\u0107uje da promijenite svoje postavke ili u potpunosti povu\u010dete svoj pristanak.<\/p><p>Osim toga, razli\u010diti preglednici nude razli\u010dite metode za blokiranje i brisanje kola\u010di\u0107a koje koriste web-stranice. Mo\u017eete promijeniti postavke svog preglednika kako biste blokirali\/izbrisali kola\u010di\u0107e. Da biste saznali vi\u0161e o tome kako upravljati i brisati kola\u010di\u0107e, posjetite\u00a0 <strong><u><a href=\"https:\/\/www.wikipedia.org\/\">https:\/\/www.wikipedia.org\/<\/a><\/u><\/strong>, <strong><u><a href=\"https:\/\/allaboutcookies.org\/\">https:\/\/allaboutcookies.org\/<\/a><\/u>\u00a0.<\/strong><\/p><p><strong>Google Analytics<\/strong><\/p><p>Na\u0161a web-stranica koristi Google Analytics, uslugu web analize koju pru\u017ea Google, Inc. (\u201cGoogle\u201d). Informacije koje generira kola\u010di\u0107 o va\u0161em kori\u0161tenju na\u0161e web-stranice (uklju\u010duju\u0107i va\u0161u IP adresu) bit \u0107e prenesene na Google i pohranjene na poslu\u017eiteljima u Republici Irskoj gdje \u0107e se \u010duvati najdu\u017ee 26 mjeseci nakon \u010dega \u0107e biti izbrisani. Google \u0107e koristiti te informacije u svrhu vrednovanja va\u0161eg kori\u0161tenja na\u0161e web-stranice, sastavljanjem izvje\u0161\u0107a o aktivnostima na web-stranici za operatore web-mjesta i pru\u017eanjem drugih usluga vezanih uz aktivnost web-stranica i kori\u0161tenje interneta. Google tako\u0111er mo\u017ee prenijeti te podatke tre\u0107im stranama, ako to zahtijeva zakon, ili ako takve tre\u0107e strane obra\u0111uju podatke u ime tvrtke Google. Google ne\u0107e povezati va\u0161u IP adresu s drugim podacima koje Google posjeduje. Daljnje informacije o Googleovim pravilima o privatnosti mo\u017eete dobiti <strong><u><a href=\"https:\/\/www.google.com\/privacy.html\">ovdje.<\/a><\/u><\/strong><\/p><p>Ako \u017eelite onemogu\u0107iti da vam servis Google Analytics, kojim se mjeri posje\u0107enosti web-stranice www.reginadizajn.hr, sprema kola\u010di\u0107e, mo\u017eete to u\u010diniti na ovom <strong><u><a href=\"https:\/\/tools.google.com\/dlpage\/gaoptout\">linku<\/a><\/u><\/strong>.<\/p><p><strong>Poveznice na dru\u0161tvene mre\u017ee<\/strong><\/p><p>Ova web-stranica mo\u017ee povremeno sadr\u017eavati poveznice na dru\u0161tvene mre\u017ee i nema kontrolu nad web-stranicama dru\u0161tvenih mre\u017ea i nismo odgovorni za sadr\u017eaj koji se nalazi na tim dru\u0161tvenim mre\u017eama. Ova se pravila o privatnosti ne odnose na va\u0161e kori\u0161tenje dru\u0161tvenih mre\u017ea. Savjetujemo vam da pro\u010ditate pravila o privatnosti ili op\u0107e uvjete kori\u0161tenja dru\u0161tvenih mre\u017ea prije njihova kori\u0161tenja.\u00a0<\/p><p><strong>\u010cUVANJE VA\u0160IH OSOBNIH PODATAKA &#8211; KONTAKT OBRAZAC<\/strong><\/p><p>Prilikom ispunjavanja kontakt forme tj. kontakt obrasca u kojem ispunjavate podatke: ime i prezime, e-mail adresu i broj telefona, suglasni ste tj. automatski dajete privolu za obra\u0111ivanje va\u0161ih osobnih podataka. Va\u0161e osobne podatke koristimo kako bi vam se povratno javili i dogovorili poslovnu suradnju tj. va\u0161u narud\u017ebu ili odgovorili na va\u0161 upit. Zadr\u017eat \u0107emo va\u0161e osobne podatke u mjeri u kojoj je takvo zadr\u017eavanje adekvatno, relevantno i ograni\u010deno na ono \u0161to je potrebno za svrhe za koje se obra\u0111uju.<\/p><p>Ne\u0107emo zadr\u017eati osobne podatke du\u017ee nego \u0161to je potrebno za svrhu obrade, osim ako zakon ne propisuje druga\u010dije. Ako odre\u0111ene osobne podatke obra\u0111ujemo na temelju privole, u sluc\u030caju povlac\u030cenja privole izvrs\u030cit \u0107emo brisanje vas\u030cih osobnih podataka, osim ako ne postoji druga pravna osnova za obradu ili ako je obrada vas\u030cih osobnih podataka nuz\u030cna radi postavljanja, ostvarivanja ili obrane pravnih zahtjeva.<\/p>\t\t\t\t\t\t\t\t<\/div>\n\t\t\t\t<\/div>\n\t\t\t\t\t<\/div>\n\t\t<\/div>\n\t\t\t\t\t<\/div>\n\t\t<\/section>\n\t\t\t\t<\/div>\n\t\t","protected":false},"excerpt":{"rendered":"<p>POLITIKA PRIVATNOSTI Pravila o kola\u010di\u0107ima obja\u0161njavaju \u0161to su kola\u010di\u0107i i kako ih koristimo, vrste kola\u010di\u0107a koje koristimo, tj. informacije koje prikupljamo pomo\u0107u kola\u010di\u0107a i kako se te informacije koriste te kako kontrolirati postavke kola\u010di\u0107a. Za dodatne informacije o tome kako koristimo, pohranjujemo i \u010duvamo va\u0161e osobne podatke sigurnima, pogledajte na\u0161u Politiku privatnosti. U svakom trenutku [&hellip;]<\/p>\n","protected":false},"author":1,"featured_media":0,"parent":0,"menu_order":0,"comment_status":"closed","ping_status":"closed","template":"","meta":{"_monsterinsights_skip_tracking":false,"_monsterinsights_sitenote_active":false,"_monsterinsights_sitenote_note":"","_monsterinsights_sitenote_category":0,"site-sidebar-layout":"no-sidebar","site-content-layout":"page-builder","ast-site-content-layout":"default","site-content-style":"default","site-sidebar-style":"default","ast-global-header-display":"","ast-banner-title-visibility":"","ast-main-header-display":"","ast-hfb-above-header-display":"","ast-hfb-below-header-display":"","ast-hfb-mobile-header-display":"","site-post-title":"disabled","ast-breadcrumbs-content":"","ast-featured-img":"disabled","footer-sml-layout":"","ast-disable-related-posts":"","theme-transparent-header-meta":"","adv-header-id-meta":"","stick-header-meta":"","header-above-stick-meta":"","header-main-stick-meta":"","header-below-stick-meta":"","astra-migrate-meta-layouts":"default","ast-page-background-enabled":"default","ast-page-background-meta":{"desktop":{"background-color":"","background-image":"","background-repeat":"repeat","background-position":"center center","background-size":"auto","background-attachment":"scroll","background-type":"","background-media":"","overlay-type":"","overlay-color":"","overlay-opacity":"","overlay-gradient":""},"tablet":{"background-color":"","background-image":"","background-repeat":"repeat","background-position":"center center","background-size":"auto","background-attachment":"scroll","background-type":"","background-media":"","overlay-type":"","overlay-color":"","overlay-opacity":"","overlay-gradient":""},"mobile":{"background-color":"","background-image":"","background-repeat":"repeat","background-position":"center center","background-size":"auto","background-attachment":"scroll","background-type":"","background-media":"","overlay-type":"","overlay-color":"","overlay-opacity":"","overlay-gradient":""}},"ast-content-background-meta":{"desktop":{"background-color":"var(--ast-global-color-5)","background-image":"","background-repeat":"repeat","background-position":"center center","background-size":"auto","background-attachment":"scroll","background-type":"","background-media":"","overlay-type":"","overlay-color":"","overlay-opacity":"","overlay-gradient":""},"tablet":{"background-color":"var(--ast-global-color-5)","background-image":"","background-repeat":"repeat","background-position":"center center","background-size":"auto","background-attachment":"scroll","background-type":"","background-media":"","overlay-type":"","overlay-color":"","overlay-opacity":"","overlay-gradient":""},"mobile":{"background-color":"var(--ast-global-color-5)","background-image":"","background-repeat":"repeat","background-position":"center center","background-size":"auto","background-attachment":"scroll","background-type":"","background-media":"","overlay-type":"","overlay-color":"","overlay-opacity":"","overlay-gradient":""}},"footnotes":""},"class_list":["post-1307","page","type-page","status-publish","hentry"],"aioseo_notices":[],"_links":{"self":[{"href":"https:\/\/snasini-kucari.com\/index.php\/wp-json\/wp\/v2\/pages\/1307","targetHints":{"allow":["GET"]}}],"collection":[{"href":"https:\/\/snasini-kucari.com\/index.php\/wp-json\/wp\/v2\/pages"}],"about":[{"href":"https:\/\/snasini-kucari.com\/index.php\/wp-json\/wp\/v2\/types\/page"}],"author":[{"embeddable":true,"href":"https:\/\/snasini-kucari.com\/index.php\/wp-json\/wp\/v2\/users\/1"}],"replies":[{"embeddable":true,"href":"https:\/\/snasini-kucari.com\/index.php\/wp-json\/wp\/v2\/comments?post=1307"}],"version-history":[{"count":7,"href":"https:\/\/snasini-kucari.com\/index.php\/wp-json\/wp\/v2\/pages\/1307\/revisions"}],"predecessor-version":[{"id":1322,"href":"https:\/\/snasini-kucari.com\/index.php\/wp-json\/wp\/v2\/pages\/1307\/revisions\/1322"}],"wp:attachment":[{"href":"https:\/\/snasini-kucari.com\/index.php\/wp-json\/wp\/v2\/media?parent=1307"}],"curies":[{"name":"wp","href":"https:\/\/api.w.org\/{rel}","templated":true}]}}