{"id":905,"date":"2022-11-13T18:54:10","date_gmt":"2022-11-13T17:54:10","guid":{"rendered":"https:\/\/snasini-kucari.com\/?page_id=905"},"modified":"2022-11-22T11:11:45","modified_gmt":"2022-11-22T10:11:45","slug":"gastro-ponuda","status":"publish","type":"page","link":"https:\/\/snasini-kucari.com\/index.php\/gastro-ponuda\/","title":{"rendered":"GASTRO PONUDA"},"content":{"rendered":"\t\t<div data-elementor-type=\"wp-page\" data-elementor-id=\"905\" class=\"elementor elementor-905\">\n\t\t\t\t\t\t<section class=\"elementor-section elementor-top-section elementor-element elementor-element-nr0qhuo elementor-section-boxed elementor-section-height-default elementor-section-height-default\" data-id=\"nr0qhuo\" data-element_type=\"section\" data-e-type=\"section\" data-settings=\"{&quot;background_background&quot;:&quot;classic&quot;}\">\n\t\t\t\t\t\t\t<div class=\"elementor-background-overlay\"><\/div>\n\t\t\t\t\t\t\t<div class=\"elementor-container elementor-column-gap-default\">\n\t\t\t\t\t<div class=\"elementor-column elementor-col-100 elementor-top-column elementor-element elementor-element-363bcf8\" data-id=\"363bcf8\" data-element_type=\"column\" data-e-type=\"column\">\n\t\t\t<div class=\"elementor-widget-wrap elementor-element-populated\">\n\t\t\t\t\t\t<div class=\"elementor-element elementor-element-1ccfb59 elementor-widget elementor-widget-heading\" data-id=\"1ccfb59\" data-element_type=\"widget\" data-e-type=\"widget\" data-widget_type=\"heading.default\">\n\t\t\t\t<div class=\"elementor-widget-container\">\n\t\t\t\t\t<h1 class=\"elementor-heading-title elementor-size-default\">Gastro ponuda<\/h1>\t\t\t\t<\/div>\n\t\t\t\t<\/div>\n\t\t\t\t<div class=\"elementor-element elementor-element-28fd140 elementor-widget elementor-widget-text-editor\" data-id=\"28fd140\" data-element_type=\"widget\" data-e-type=\"widget\" data-widget_type=\"text-editor.default\">\n\t\t\t\t<div class=\"elementor-widget-container\">\n\t\t\t\t\t\t\t\t\t<p>doma\u0107a i tradicionalna kuhinja\u00a0<\/p>\t\t\t\t\t\t\t\t<\/div>\n\t\t\t\t<\/div>\n\t\t\t\t\t<\/div>\n\t\t<\/div>\n\t\t\t\t\t<\/div>\n\t\t<\/section>\n\t\t\t\t<section class=\"elementor-section elementor-top-section elementor-element elementor-element-58b59bf elementor-section-boxed elementor-section-height-default elementor-section-height-default\" data-id=\"58b59bf\" data-element_type=\"section\" data-e-type=\"section\">\n\t\t\t\t\t\t<div class=\"elementor-container elementor-column-gap-default\">\n\t\t\t\t\t<div class=\"elementor-column elementor-col-50 elementor-top-column elementor-element elementor-element-57e6543\" data-id=\"57e6543\" data-element_type=\"column\" data-e-type=\"column\">\n\t\t\t<div class=\"elementor-widget-wrap elementor-element-populated\">\n\t\t\t\t\t\t<div class=\"elementor-element elementor-element-7af54cb elementor-widget elementor-widget-spacer\" data-id=\"7af54cb\" data-element_type=\"widget\" data-e-type=\"widget\" data-widget_type=\"spacer.default\">\n\t\t\t\t<div class=\"elementor-widget-container\">\n\t\t\t\t\t\t\t<div class=\"elementor-spacer\">\n\t\t\t<div class=\"elementor-spacer-inner\"><\/div>\n\t\t<\/div>\n\t\t\t\t\t\t<\/div>\n\t\t\t\t<\/div>\n\t\t\t\t<div class=\"elementor-element elementor-element-84d5591 elementor-widget elementor-widget-image\" data-id=\"84d5591\" data-element_type=\"widget\" data-e-type=\"widget\" data-widget_type=\"image.default\">\n\t\t\t\t<div class=\"elementor-widget-container\">\n\t\t\t\t\t\t\t\t\t\t\t\t\t\t\t<img fetchpriority=\"high\" decoding=\"async\" width=\"720\" height=\"540\" src=\"https:\/\/snasini-kucari.com\/wp-content\/uploads\/2022\/11\/viber_slika_2022-11-14_15-17-09-234.jpg\" class=\"attachment-large size-large wp-image-1122\" alt=\"\" srcset=\"https:\/\/snasini-kucari.com\/wp-content\/uploads\/2022\/11\/viber_slika_2022-11-14_15-17-09-234.jpg 720w, https:\/\/snasini-kucari.com\/wp-content\/uploads\/2022\/11\/viber_slika_2022-11-14_15-17-09-234-300x225.jpg 300w, https:\/\/snasini-kucari.com\/wp-content\/uploads\/2022\/11\/viber_slika_2022-11-14_15-17-09-234-600x450.jpg 600w\" sizes=\"(max-width: 720px) 100vw, 720px\" \/>\t\t\t\t\t\t\t\t\t\t\t\t\t\t\t<\/div>\n\t\t\t\t<\/div>\n\t\t\t\t\t<\/div>\n\t\t<\/div>\n\t\t\t\t<div class=\"elementor-column elementor-col-50 elementor-top-column elementor-element elementor-element-5832311\" data-id=\"5832311\" data-element_type=\"column\" data-e-type=\"column\">\n\t\t\t<div class=\"elementor-widget-wrap elementor-element-populated\">\n\t\t\t\t\t\t<div class=\"elementor-element elementor-element-ac0c8b6 elementor-widget elementor-widget-spacer\" data-id=\"ac0c8b6\" data-element_type=\"widget\" data-e-type=\"widget\" data-widget_type=\"spacer.default\">\n\t\t\t\t<div class=\"elementor-widget-container\">\n\t\t\t\t\t\t\t<div class=\"elementor-spacer\">\n\t\t\t<div class=\"elementor-spacer-inner\"><\/div>\n\t\t<\/div>\n\t\t\t\t\t\t<\/div>\n\t\t\t\t<\/div>\n\t\t\t\t<div class=\"elementor-element elementor-element-f2f4567 elementor-widget elementor-widget-text-editor\" data-id=\"f2f4567\" data-element_type=\"widget\" data-e-type=\"widget\" data-widget_type=\"text-editor.default\">\n\t\t\t\t<div class=\"elementor-widget-container\">\n\t\t\t\t\t\t\t\t\t<h5>DOMA\u0106A TRADICIONALNA KUHINJA<\/h5>\t\t\t\t\t\t\t\t<\/div>\n\t\t\t\t<\/div>\n\t\t\t\t<div class=\"elementor-element elementor-element-18441d8 elementor-widget elementor-widget-text-editor\" data-id=\"18441d8\" data-element_type=\"widget\" data-e-type=\"widget\" data-widget_type=\"text-editor.default\">\n\t\t\t\t<div class=\"elementor-widget-container\">\n\t\t\t\t\t\t\t\t\t<p>\u017delite li isprobati i ku\u0161ati doma\u0107u tradicionalnu kuhinju, rado \u0107emo ju pripremiti za Vas.\u00a0<\/p><p>Ali isto tako, ako ne konzumirate neke namirnice ili ih ne jedete, rado \u0107emo se prilagoditi Vama i Va\u0161em nepcu.<\/p><p>Sva hrana i namirnice koje Vam pripravljamo i uslu\u017eujemo uzgojene su na na\u0161emu gospodarstvu.<\/p>\t\t\t\t\t\t\t\t<\/div>\n\t\t\t\t<\/div>\n\t\t\t\t<div class=\"elementor-element elementor-element-ba3eacf elementor-widget elementor-widget-button\" data-id=\"ba3eacf\" data-element_type=\"widget\" data-e-type=\"widget\" data-widget_type=\"button.default\">\n\t\t\t\t<div class=\"elementor-widget-container\">\n\t\t\t\t\t\t\t\t\t<div class=\"elementor-button-wrapper\">\n\t\t\t\t\t<a class=\"elementor-button elementor-button-link elementor-size-sm\" href=\"https:\/\/snasini-kucari.com\/index.php\/contact\/\">\n\t\t\t\t\t\t<span class=\"elementor-button-content-wrapper\">\n\t\t\t\t\t\t\t\t\t<span class=\"elementor-button-text\">KONTAKT<\/span>\n\t\t\t\t\t<\/span>\n\t\t\t\t\t<\/a>\n\t\t\t\t<\/div>\n\t\t\t\t\t\t\t\t<\/div>\n\t\t\t\t<\/div>\n\t\t\t\t\t<\/div>\n\t\t<\/div>\n\t\t\t\t\t<\/div>\n\t\t<\/section>\n\t\t\t\t<section class=\"elementor-section elementor-top-section elementor-element elementor-element-0c8860c elementor-section-boxed elementor-section-height-default elementor-section-height-default\" data-id=\"0c8860c\" data-element_type=\"section\" data-e-type=\"section\">\n\t\t\t\t\t\t<div class=\"elementor-container elementor-column-gap-default\">\n\t\t\t\t\t<div class=\"elementor-column elementor-col-50 elementor-top-column elementor-element elementor-element-ce451bc\" data-id=\"ce451bc\" data-element_type=\"column\" data-e-type=\"column\">\n\t\t\t<div class=\"elementor-widget-wrap elementor-element-populated\">\n\t\t\t\t\t\t<div class=\"elementor-element elementor-element-1238fe5 elementor-widget elementor-widget-spacer\" data-id=\"1238fe5\" data-element_type=\"widget\" data-e-type=\"widget\" data-widget_type=\"spacer.default\">\n\t\t\t\t<div class=\"elementor-widget-container\">\n\t\t\t\t\t\t\t<div class=\"elementor-spacer\">\n\t\t\t<div class=\"elementor-spacer-inner\"><\/div>\n\t\t<\/div>\n\t\t\t\t\t\t<\/div>\n\t\t\t\t<\/div>\n\t\t\t\t<div class=\"elementor-element elementor-element-994d56b elementor-widget elementor-widget-image\" data-id=\"994d56b\" data-element_type=\"widget\" data-e-type=\"widget\" data-widget_type=\"image.default\">\n\t\t\t\t<div class=\"elementor-widget-container\">\n\t\t\t\t\t\t\t\t\t\t\t\t\t\t\t<img decoding=\"async\" width=\"720\" height=\"540\" src=\"https:\/\/snasini-kucari.com\/wp-content\/uploads\/2022\/11\/viber_slika_2022-11-14_15-17-11-739.jpg\" class=\"attachment-large size-large wp-image-1120\" alt=\"\" srcset=\"https:\/\/snasini-kucari.com\/wp-content\/uploads\/2022\/11\/viber_slika_2022-11-14_15-17-11-739.jpg 720w, https:\/\/snasini-kucari.com\/wp-content\/uploads\/2022\/11\/viber_slika_2022-11-14_15-17-11-739-300x225.jpg 300w, https:\/\/snasini-kucari.com\/wp-content\/uploads\/2022\/11\/viber_slika_2022-11-14_15-17-11-739-600x450.jpg 600w\" sizes=\"(max-width: 720px) 100vw, 720px\" \/>\t\t\t\t\t\t\t\t\t\t\t\t\t\t\t<\/div>\n\t\t\t\t<\/div>\n\t\t\t\t\t<\/div>\n\t\t<\/div>\n\t\t\t\t<div class=\"elementor-column elementor-col-50 elementor-top-column elementor-element elementor-element-833fa9a\" data-id=\"833fa9a\" data-element_type=\"column\" data-e-type=\"column\">\n\t\t\t<div class=\"elementor-widget-wrap elementor-element-populated\">\n\t\t\t\t\t\t<div class=\"elementor-element elementor-element-d37f276 elementor-widget elementor-widget-spacer\" data-id=\"d37f276\" data-element_type=\"widget\" data-e-type=\"widget\" data-widget_type=\"spacer.default\">\n\t\t\t\t<div class=\"elementor-widget-container\">\n\t\t\t\t\t\t\t<div class=\"elementor-spacer\">\n\t\t\t<div class=\"elementor-spacer-inner\"><\/div>\n\t\t<\/div>\n\t\t\t\t\t\t<\/div>\n\t\t\t\t<\/div>\n\t\t\t\t<div class=\"elementor-element elementor-element-d3612cd elementor-widget elementor-widget-text-editor\" data-id=\"d3612cd\" data-element_type=\"widget\" data-e-type=\"widget\" data-widget_type=\"text-editor.default\">\n\t\t\t\t<div class=\"elementor-widget-container\">\n\t\t\t\t\t\t\t\t\t<h5>JELOVNIK<\/h5>\t\t\t\t\t\t\t\t<\/div>\n\t\t\t\t<\/div>\n\t\t\t\t<div class=\"elementor-element elementor-element-912cc51 elementor-widget elementor-widget-text-editor\" data-id=\"912cc51\" data-element_type=\"widget\" data-e-type=\"widget\" data-widget_type=\"text-editor.default\">\n\t\t\t\t<div class=\"elementor-widget-container\">\n\t\t\t\t\t\t\t\t\t<ul><li>hladna predjela<\/li><li>juhe<\/li><li>glavna jela<\/li><li>salate<\/li><li>deserti<\/li><li>jela iz kru\u0161ne pe\u0107i<\/li><li>ro\u0161tilj<\/li><\/ul>\t\t\t\t\t\t\t\t<\/div>\n\t\t\t\t<\/div>\n\t\t\t\t<div class=\"elementor-element elementor-element-2cb45b8 elementor-widget elementor-widget-button\" data-id=\"2cb45b8\" data-element_type=\"widget\" data-e-type=\"widget\" data-widget_type=\"button.default\">\n\t\t\t\t<div class=\"elementor-widget-container\">\n\t\t\t\t\t\t\t\t\t<div class=\"elementor-button-wrapper\">\n\t\t\t\t\t<a class=\"elementor-button elementor-button-link elementor-size-sm\" href=\"https:\/\/snasini-kucari.com\/index.php\/contact\/\">\n\t\t\t\t\t\t<span class=\"elementor-button-content-wrapper\">\n\t\t\t\t\t\t\t\t\t<span class=\"elementor-button-text\">KONTAKT<\/span>\n\t\t\t\t\t<\/span>\n\t\t\t\t\t<\/a>\n\t\t\t\t<\/div>\n\t\t\t\t\t\t\t\t<\/div>\n\t\t\t\t<\/div>\n\t\t\t\t\t<\/div>\n\t\t<\/div>\n\t\t\t\t\t<\/div>\n\t\t<\/section>\n\t\t\t\t<section class=\"elementor-section elementor-top-section elementor-element elementor-element-16f94ebd elementor-section-content-middle elementor-section-boxed elementor-section-height-default elementor-section-height-default\" data-id=\"16f94ebd\" data-element_type=\"section\" data-e-type=\"section\">\n\t\t\t\t\t\t\t<div class=\"elementor-background-overlay\"><\/div>\n\t\t\t\t\t\t\t<div class=\"elementor-container elementor-column-gap-no\">\n\t\t\t\t\t<div class=\"elementor-column elementor-col-100 elementor-top-column elementor-element elementor-element-683b2a89\" data-id=\"683b2a89\" data-element_type=\"column\" data-e-type=\"column\">\n\t\t\t<div class=\"elementor-widget-wrap elementor-element-populated\">\n\t\t\t\t\t\t<div class=\"elementor-element elementor-element-78815691 elementor-widget elementor-widget-image-box\" data-id=\"78815691\" data-element_type=\"widget\" data-e-type=\"widget\" data-widget_type=\"image-box.default\">\n\t\t\t\t<div class=\"elementor-widget-container\">\n\t\t\t\t\t<div class=\"elementor-image-box-wrapper\"><div class=\"elementor-image-box-content\"><h2 class=\"elementor-image-box-title\">Izdvojene fotografije<\/h2><\/div><\/div>\t\t\t\t<\/div>\n\t\t\t\t<\/div>\n\t\t\t\t<div class=\"elementor-element elementor-element-23b4002 elementor-pagination-position-outside elementor-widget elementor-widget-image-carousel\" data-id=\"23b4002\" data-element_type=\"widget\" data-e-type=\"widget\" data-settings=\"{&quot;slides_to_show&quot;:&quot;3&quot;,&quot;slides_to_scroll&quot;:&quot;1&quot;,&quot;navigation&quot;:&quot;dots&quot;,&quot;slides_to_show_tablet&quot;:&quot;2&quot;,&quot;slides_to_show_mobile&quot;:&quot;1&quot;,&quot;autoplay&quot;:&quot;no&quot;,&quot;infinite&quot;:&quot;yes&quot;,&quot;speed&quot;:500,&quot;image_spacing_custom&quot;:{&quot;unit&quot;:&quot;px&quot;,&quot;size&quot;:20,&quot;sizes&quot;:[]},&quot;image_spacing_custom_tablet&quot;:{&quot;unit&quot;:&quot;px&quot;,&quot;size&quot;:&quot;&quot;,&quot;sizes&quot;:[]}}\" data-widget_type=\"image-carousel.default\">\n\t\t\t\t<div class=\"elementor-widget-container\">\n\t\t\t\t\t\t\t<div class=\"elementor-image-carousel-wrapper swiper\" role=\"region\" aria-roledescription=\"carousel\" aria-label=\"Vrtuljak slika\" dir=\"ltr\">\n\t\t\t<div class=\"elementor-image-carousel swiper-wrapper swiper-image-stretch\" aria-live=\"polite\">\n\t\t\t\t\t\t\t\t<div class=\"swiper-slide\" role=\"group\" aria-roledescription=\"slide\" aria-label=\"1 od 19\"><figure class=\"swiper-slide-inner\"><img decoding=\"async\" class=\"swiper-slide-image\" src=\"https:\/\/snasini-kucari.com\/wp-content\/uploads\/elementor\/thumbs\/viber_slika_2022-11-14_15-17-02-534-pxqr03uvw223u5gc6a9w8s1a1xn71icw153v8i63o8.jpg\" alt=\"viber_slika_2022-11-14_15-17-02-534\" \/><\/figure><\/div><div class=\"swiper-slide\" role=\"group\" aria-roledescription=\"slide\" aria-label=\"2 od 19\"><figure class=\"swiper-slide-inner\"><img decoding=\"async\" class=\"swiper-slide-image\" src=\"https:\/\/snasini-kucari.com\/wp-content\/uploads\/elementor\/thumbs\/viber_slika_2022-11-14_15-17-03-019-pxqr04sq2w3e5rez0soit9sqnbik97gmd9rcps4pi0.jpg\" alt=\"viber_slika_2022-11-14_15-17-03-019\" \/><\/figure><\/div><div class=\"swiper-slide\" role=\"group\" aria-roledescription=\"slide\" aria-label=\"3 od 19\"><figure class=\"swiper-slide-inner\"><img decoding=\"async\" class=\"swiper-slide-image\" src=\"https:\/\/snasini-kucari.com\/wp-content\/uploads\/elementor\/thumbs\/viber_slika_2022-11-14_15-17-09-498-pxqr05qk9q4ohddlvb35drk78pdxgwkcpeeu723bbs.jpg\" alt=\"viber_slika_2022-11-14_15-17-09-498\" \/><\/figure><\/div><div class=\"swiper-slide\" role=\"group\" aria-roledescription=\"slide\" aria-label=\"4 od 19\"><figure class=\"swiper-slide-inner\"><img decoding=\"async\" class=\"swiper-slide-image\" src=\"https:\/\/snasini-kucari.com\/wp-content\/uploads\/elementor\/thumbs\/viber_slika_2022-11-14_15-17-13-565-pxqr08k2u88jg79ieub138ul0v013zvjpsdamvz4t4.jpg\" alt=\"viber_slika_2022-11-14_15-17-13-565\" \/><\/figure><\/div><div class=\"swiper-slide\" role=\"group\" aria-roledescription=\"slide\" aria-label=\"5 od 19\"><figure class=\"swiper-slide-inner\"><img decoding=\"async\" class=\"swiper-slide-image\" src=\"https:\/\/snasini-kucari.com\/wp-content\/uploads\/elementor\/thumbs\/viber_slika_2022-11-14_15-17-13-997-pxqr09hx129trt859cpnnqm1m8veboza1x0s45xqmw.jpg\" alt=\"viber_slika_2022-11-14_15-17-13-997\" \/><\/figure><\/div><div class=\"swiper-slide\" role=\"group\" aria-roledescription=\"slide\" aria-label=\"6 od 19\"><figure class=\"swiper-slide-inner\"><img decoding=\"async\" class=\"swiper-slide-image\" src=\"https:\/\/snasini-kucari.com\/wp-content\/uploads\/elementor\/thumbs\/viber_slika_2022-11-14_15-17-16-386-pxqr0afr7wb43f6s3v4a88di7mqrje30e1o9lfwcgo.jpg\" alt=\"viber_slika_2022-11-14_15-17-16-386\" \/><\/figure><\/div><div class=\"swiper-slide\" role=\"group\" aria-roledescription=\"slide\" aria-label=\"7 od 19\"><figure class=\"swiper-slide-inner\"><img decoding=\"async\" class=\"swiper-slide-image\" src=\"https:\/\/snasini-kucari.com\/wp-content\/uploads\/elementor\/thumbs\/viber_slika_2022-11-14_15-17-16-583-pxqr0bdleqcef15eydiwsq4yt0m4r36qq6br2puyag.jpg\" alt=\"viber_slika_2022-11-14_15-17-16-583\" \/><\/figure><\/div><div class=\"swiper-slide\" role=\"group\" aria-roledescription=\"slide\" aria-label=\"8 od 19\"><figure class=\"swiper-slide-inner\"><img decoding=\"async\" class=\"swiper-slide-image\" src=\"https:\/\/snasini-kucari.com\/wp-content\/uploads\/elementor\/thumbs\/viber_slika_2022-11-14_15-17-17-874-pxqr0cbflkdoqn41svxjd7wfeehhysah2az8jztk48.jpg\" alt=\"viber_slika_2022-11-14_15-17-17-874\" \/><\/figure><\/div><div class=\"swiper-slide\" role=\"group\" aria-roledescription=\"slide\" aria-label=\"9 od 19\"><figure class=\"swiper-slide-inner\"><img decoding=\"async\" class=\"swiper-slide-image\" src=\"https:\/\/snasini-kucari.com\/wp-content\/uploads\/elementor\/thumbs\/viber_slika_2022-11-14_15-17-19-537-pxqr0d99seez292onec5xpnvzscv6he7efmq19s5y0.jpg\" alt=\"viber_slika_2022-11-14_15-17-19-537\" \/><\/figure><\/div><div class=\"swiper-slide\" role=\"group\" aria-roledescription=\"slide\" aria-label=\"10 od 19\"><figure class=\"swiper-slide-inner\"><img decoding=\"async\" class=\"swiper-slide-image\" src=\"https:\/\/snasini-kucari.com\/wp-content\/uploads\/elementor\/thumbs\/viber_slika_2022-11-14_15-17-19-761-pxqr0e73z8g9dv1bhwqsi7fcl688e6hxqka7ijqrrs.jpg\" alt=\"viber_slika_2022-11-14_15-17-19-761\" \/><\/figure><\/div><div class=\"swiper-slide\" role=\"group\" aria-roledescription=\"slide\" aria-label=\"11 od 19\"><figure class=\"swiper-slide-inner\"><img decoding=\"async\" class=\"swiper-slide-image\" src=\"https:\/\/snasini-kucari.com\/wp-content\/uploads\/elementor\/thumbs\/viber_slika_2022-11-14_15-17-20-256-pxqr0e73z8g9dv1bhwqsi7fcl688e6hxqka7ijqrrs.jpg\" alt=\"viber_slika_2022-11-14_15-17-20-256\" \/><\/figure><\/div><div class=\"swiper-slide\" role=\"group\" aria-roledescription=\"slide\" aria-label=\"12 od 19\"><figure class=\"swiper-slide-inner\"><img decoding=\"async\" class=\"swiper-slide-image\" src=\"https:\/\/snasini-kucari.com\/wp-content\/uploads\/elementor\/thumbs\/viber_slika_2022-11-14_15-17-21-090-pxqr0f4y62hjpgzycf5f2p6t6k3llvlo2oxoztpdlk.jpg\" alt=\"viber_slika_2022-11-14_15-17-21-090\" \/><\/figure><\/div><div class=\"swiper-slide\" role=\"group\" aria-roledescription=\"slide\" aria-label=\"13 od 19\"><figure class=\"swiper-slide-inner\"><img decoding=\"async\" class=\"swiper-slide-image\" src=\"https:\/\/snasini-kucari.com\/wp-content\/uploads\/elementor\/thumbs\/viber_slika_2022-11-14_15-17-23-971-pxqr0hygqkleoavuvydas6h6yppp8ywv32w5fnl72w.jpg\" alt=\"viber_slika_2022-11-14_15-17-23-971\" \/><\/figure><\/div><div class=\"swiper-slide\" role=\"group\" aria-roledescription=\"slide\" aria-label=\"14 od 19\"><figure class=\"swiper-slide-inner\"><img decoding=\"async\" class=\"swiper-slide-image\" src=\"https:\/\/snasini-kucari.com\/wp-content\/uploads\/elementor\/thumbs\/viber_slika_2022-11-14_15-17-27-260-pxqr0ju548nzbit4kz6jx6045hgfod4brc74e7ieqg.jpg\" alt=\"viber_slika_2022-11-14_15-17-27-260\" \/><\/figure><\/div><div class=\"swiper-slide\" role=\"group\" aria-roledescription=\"slide\" aria-label=\"15 od 19\"><figure class=\"swiper-slide-inner\"><img decoding=\"async\" class=\"swiper-slide-image\" src=\"https:\/\/snasini-kucari.com\/wp-content\/uploads\/elementor\/thumbs\/viber_slika_2022-11-14_15-17-29-145-pxqr0mnnoqruacp14iefmnahxn2jbgfirq5ku1e87s.jpg\" alt=\"viber_slika_2022-11-14_15-17-29-145\" \/><\/figure><\/div><div class=\"swiper-slide\" role=\"group\" aria-roledescription=\"slide\" aria-label=\"16 od 19\"><figure class=\"swiper-slide-inner\"><img decoding=\"async\" class=\"swiper-slide-image\" src=\"https:\/\/snasini-kucari.com\/wp-content\/uploads\/elementor\/thumbs\/viber_slika_2022-11-14_15-17-29-323-1-pxqr0nlhvkt4lynnz0t2751yj0xwj5j93ut2bbcu1k.jpg\" alt=\"viber_slika_2022-11-14_15-17-29-323\" \/><\/figure><\/div><div class=\"swiper-slide\" role=\"group\" aria-roledescription=\"slide\" aria-label=\"17 od 19\"><figure class=\"swiper-slide-inner\"><img decoding=\"async\" class=\"swiper-slide-image\" src=\"https:\/\/snasini-kucari.com\/wp-content\/uploads\/elementor\/thumbs\/viber_slika_2022-11-14_15-17-32-459-pxqr0ojc2euexkmatj7ormtf4et9qumzfzgjslbfvc.jpg\" alt=\"viber_slika_2022-11-14_15-17-32-459\" \/><\/figure><\/div><div class=\"swiper-slide\" role=\"group\" aria-roledescription=\"slide\" aria-label=\"18 od 19\"><figure class=\"swiper-slide-inner\"><img decoding=\"async\" class=\"swiper-slide-image\" src=\"https:\/\/snasini-kucari.com\/wp-content\/uploads\/elementor\/thumbs\/viber_slika_2022-11-14_15-17-33-173-pxqr0ph698vp96kxo1mbc4kvpsomyjqps4419va1p4.jpg\" alt=\"viber_slika_2022-11-14_15-17-33-173\" \/><\/figure><\/div><div class=\"swiper-slide\" role=\"group\" aria-roledescription=\"slide\" aria-label=\"19 od 19\"><figure class=\"swiper-slide-inner\"><img decoding=\"async\" class=\"swiper-slide-image\" src=\"https:\/\/snasini-kucari.com\/wp-content\/uploads\/elementor\/thumbs\/viber_slika_2022-11-14_15-17-50-187-pxqr0t8j0l0ujmfh238tm3mq3c63tc5n4mpz6z4h08.jpg\" alt=\"viber_slika_2022-11-14_15-17-50-187\" \/><\/figure><\/div>\t\t\t<\/div>\n\t\t\t\t\t\t\t\n\t\t\t\t\t\t\t\t\t<div class=\"swiper-pagination\"><\/div>\n\t\t\t\t\t\t\t\t\t<\/div>\n\t\t\t\t\t\t<\/div>\n\t\t\t\t<\/div>\n\t\t\t\t\t<\/div>\n\t\t<\/div>\n\t\t\t\t\t<\/div>\n\t\t<\/section>\n\t\t\t\t<\/div>\n\t\t","protected":false},"excerpt":{"rendered":"<p>Gastro ponuda doma\u0107a i tradicionalna kuhinja&nbsp; DOMA\u0106A TRADICIONALNA KUHINJA \u017delite li isprobati i ku\u0161ati doma\u0107u tradicionalnu kuhinju, rado \u0107emo ju pripremiti za Vas.&nbsp; Ali isto tako, ako ne konzumirate neke namirnice ili ih ne jedete, rado \u0107emo se prilagoditi Vama i Va\u0161em nepcu. Sva hrana i namirnice koje Vam pripravljamo i uslu\u017eujemo uzgojene su na [&hellip;]<\/p>\n","protected":false},"author":1,"featured_media":0,"parent":0,"menu_order":0,"comment_status":"closed","ping_status":"closed","template":"elementor_header_footer","meta":{"_monsterinsights_skip_tracking":false,"_monsterinsights_sitenote_active":false,"_monsterinsights_sitenote_note":"","_monsterinsights_sitenote_category":0,"site-sidebar-layout":"no-sidebar","site-content-layout":"page-builder","ast-site-content-layout":"default","site-content-style":"default","site-sidebar-style":"default","ast-global-header-display":"","ast-banner-title-visibility":"","ast-main-header-display":"","ast-hfb-above-header-display":"","ast-hfb-below-header-display":"","ast-hfb-mobile-header-display":"","site-post-title":"disabled","ast-breadcrumbs-content":"","ast-featured-img":"disabled","footer-sml-layout":"","ast-disable-related-posts":"","theme-transparent-header-meta":"","adv-header-id-meta":"","stick-header-meta":"","header-above-stick-meta":"","header-main-stick-meta":"","header-below-stick-meta":"","astra-migrate-meta-layouts":"default","ast-page-background-enabled":"default","ast-page-background-meta":{"desktop":{"background-color":"","background-image":"","background-repeat":"repeat","background-position":"center center","background-size":"auto","background-attachment":"scroll","background-type":"","background-media":"","overlay-type":"","overlay-color":"","overlay-opacity":"","overlay-gradient":""},"tablet":{"background-color":"","background-image":"","background-repeat":"repeat","background-position":"center center","background-size":"auto","background-attachment":"scroll","background-type":"","background-media":"","overlay-type":"","overlay-color":"","overlay-opacity":"","overlay-gradient":""},"mobile":{"background-color":"","background-image":"","background-repeat":"repeat","background-position":"center center","background-size":"auto","background-attachment":"scroll","background-type":"","background-media":"","overlay-type":"","overlay-color":"","overlay-opacity":"","overlay-gradient":""}},"ast-content-background-meta":{"desktop":{"background-color":"var(--ast-global-color-5)","background-image":"","background-repeat":"repeat","background-position":"center center","background-size":"auto","background-attachment":"scroll","background-type":"","background-media":"","overlay-type":"","overlay-color":"","overlay-opacity":"","overlay-gradient":""},"tablet":{"background-color":"var(--ast-global-color-5)","background-image":"","background-repeat":"repeat","background-position":"center center","background-size":"auto","background-attachment":"scroll","background-type":"","background-media":"","overlay-type":"","overlay-color":"","overlay-opacity":"","overlay-gradient":""},"mobile":{"background-color":"var(--ast-global-color-5)","background-image":"","background-repeat":"repeat","background-position":"center center","background-size":"auto","background-attachment":"scroll","background-type":"","background-media":"","overlay-type":"","overlay-color":"","overlay-opacity":"","overlay-gradient":""}},"footnotes":""},"class_list":["post-905","page","type-page","status-publish","hentry"],"aioseo_notices":[],"_links":{"self":[{"href":"https:\/\/snasini-kucari.com\/index.php\/wp-json\/wp\/v2\/pages\/905","targetHints":{"allow":["GET"]}}],"collection":[{"href":"https:\/\/snasini-kucari.com\/index.php\/wp-json\/wp\/v2\/pages"}],"about":[{"href":"https:\/\/snasini-kucari.com\/index.php\/wp-json\/wp\/v2\/types\/page"}],"author":[{"embeddable":true,"href":"https:\/\/snasini-kucari.com\/index.php\/wp-json\/wp\/v2\/users\/1"}],"replies":[{"embeddable":true,"href":"https:\/\/snasini-kucari.com\/index.php\/wp-json\/wp\/v2\/comments?post=905"}],"version-history":[{"count":47,"href":"https:\/\/snasini-kucari.com\/index.php\/wp-json\/wp\/v2\/pages\/905\/revisions"}],"predecessor-version":[{"id":1299,"href":"https:\/\/snasini-kucari.com\/index.php\/wp-json\/wp\/v2\/pages\/905\/revisions\/1299"}],"wp:attachment":[{"href":"https:\/\/snasini-kucari.com\/index.php\/wp-json\/wp\/v2\/media?parent=905"}],"curies":[{"name":"wp","href":"https:\/\/api.w.org\/{rel}","templated":true}]}}